{"id":154,"date":"2012-12-10T20:43:40","date_gmt":"2012-12-10T18:43:40","guid":{"rendered":"http:\/\/transitionsa.wordpress.com\/?page_id=49"},"modified":"2012-12-10T20:43:40","modified_gmt":"2012-12-10T18:43:40","slug":"nos-partenaires","status":"publish","type":"page","link":"https:\/\/transitionsa.ch\/?page_id=154","title":{"rendered":"Devenir manager de transition"},"content":{"rendered":"<h5><span style=\"color:#333333;\">Le manager de transition doit comprendre vite, voir loin et agir juste. <\/span><\/h5>\n<h5>Il\u00a0sait donner confiance et mobiliser les ressources existantes &#8211; il a\u00a0des comp\u00e9tences relationnelles tr\u00e8s \u00e9lev\u00e9es.<\/h5>\n<h5>Il\u00a0a le courage de nommer les choses et de faire ce qui est juste de faire &#8211;\u00a0il a\u00a0une grande confiance en lui.<\/h5>\n<h5>Il comprend et conna\u00eet le domaine d&rsquo;activit\u00e9, sait\u00a0cr\u00e9er des partenariats et a des id\u00e9es &#8211; il est excellent communicateur.<\/h5>\n<h5>\u00a0<\/h5>\n<h5>Interess\u00e9? Contactez-nous !<\/h5>\n<h5>\u00a0<\/h5>\n","protected":false},"excerpt":{"rendered":"<p>Le manager de transition doit comprendre vite, voir loin et agir juste. Il\u00a0sait donner confiance et mobiliser les ressources existantes &#8211; il a\u00a0des comp\u00e9tences relationnelles tr\u00e8s \u00e9lev\u00e9es. Il\u00a0a le courage de nommer les choses et de faire ce qui est &hellip; <a href=\"https:\/\/transitionsa.ch\/?page_id=154\">Continuer la lecture <span class=\"meta-nav\">&rarr;<\/span><\/a><\/p>\n","protected":false},"author":1,"featured_media":0,"parent":551,"menu_order":5,"comment_status":"open","ping_status":"closed","template":"","meta":[],"_links":{"self":[{"href":"https:\/\/transitionsa.ch\/index.php?rest_route=\/wp\/v2\/pages\/154"}],"collection":[{"href":"https:\/\/transitionsa.ch\/index.php?rest_route=\/wp\/v2\/pages"}],"about":[{"href":"https:\/\/transitionsa.ch\/index.php?rest_route=\/wp\/v2\/types\/page"}],"author":[{"embeddable":true,"href":"https:\/\/transitionsa.ch\/index.php?rest_route=\/wp\/v2\/users\/1"}],"replies":[{"embeddable":true,"href":"https:\/\/transitionsa.ch\/index.php?rest_route=%2Fwp%2Fv2%2Fcomments&post=154"}],"version-history":[{"count":0,"href":"https:\/\/transitionsa.ch\/index.php?rest_route=\/wp\/v2\/pages\/154\/revisions"}],"up":[{"embeddable":true,"href":"https:\/\/transitionsa.ch\/index.php?rest_route=\/wp\/v2\/pages\/551"}],"wp:attachment":[{"href":"https:\/\/transitionsa.ch\/index.php?rest_route=%2Fwp%2Fv2%2Fmedia&parent=154"}],"curies":[{"name":"wp","href":"https:\/\/api.w.org\/{rel}","templated":true}]}}