{"id":156,"date":"2012-05-23T21:23:14","date_gmt":"2012-05-23T19:23:14","guid":{"rendered":"http:\/\/transitionsa.wordpress.com\/?page_id=66"},"modified":"2014-05-25T19:25:48","modified_gmt":"2014-05-25T17:25:48","slug":"mobiliser-de-grands-groupes","status":"publish","type":"page","link":"https:\/\/transitionsa.ch\/?page_id=156","title":{"rendered":"Initier et conduire le changement"},"content":{"rendered":"<h5><a href=\"http:\/\/transitionsa.ch\/wp-content\/uploads\/2012\/05\/3.jpg\"><img loading=\"lazy\" class=\"alignnone size-medium wp-image-594\" alt=\"3\" src=\"http:\/\/transitionsa.ch\/wp-content\/uploads\/2012\/05\/3-300x94.jpg\" width=\"300\" height=\"94\" srcset=\"https:\/\/transitionsa.ch\/wp-content\/uploads\/2012\/05\/3-300x94.jpg 300w, https:\/\/transitionsa.ch\/wp-content\/uploads\/2012\/05\/3-1024x324.jpg 1024w\" sizes=\"(max-width: 300px) 100vw, 300px\" \/><\/a><\/h5>\n<h5><strong>Cr\u00e9ez l\u2019adh\u00e9sion!<\/strong> Sans la mobilisation et l\u2019engagement positif d\u2019au moins 20% de votre personnel, le changement n&rsquo;aura pas lieu ou sera trop lent.<\/h5>\n<h5><strong>\u00ab\u00a0Voice and choice\u00a0\u00bb<\/strong>: pouvoir s&rsquo;exprimer et\u00a0participer \u00e0 certains choix! Cette simple clef du succ\u00e8s, <em><strong>Transition <\/strong><\/em>la traduit en organisant diff\u00e9rents types d\u2019\u00e9v\u00e9nements qui mobilisent entre\u00a020 et\u00a0700 personnes.<\/h5>\n<h5>Pour cela, nous appliquons les m\u00e9thodes de d\u00e9veloppement organisationnel sp\u00e9cialement con\u00e7ues pour la mobilisation de grands groupes:<a title=\"R\u00e9orientation strat\u00e9gique en temps r\u00e9el RSTR\" href=\"http:\/\/transitionsa.ch\/?page_id=162\"> R\u00e9orientation strat\u00e9gique en temps r\u00e9el RSTR<\/a>, les <a title=\"Les 4 D: explorer l\u2019excellence\" href=\"http:\/\/transitionsa.ch\/?page_id=161\">4 D<\/a>, <a title=\"Open Space: l\u2019essentiel en marche\" href=\"http:\/\/transitionsa.ch\/?page_id=166\">Open Space<\/a>,\u00a0<a title=\"Conf\u00e9rence du futur\" href=\"http:\/\/transitionsa.ch\/?page_id=157\">Conf\u00e9rence du futur <\/a>et le <a title=\"Forum Entreprise: la pause caf\u00e9 productive\" href=\"http:\/\/transitionsa.ch\/?page_id=169\">Forum d&rsquo;entreprise<\/a>. Ces m\u00e9thodes diff\u00e8rent selon le but que vous souhaitez atteindre; nous adaptons le d\u00e9roulement \u00e0 vos besoins sp\u00e9cifiques<\/h5>\n<h5>Toutes ces m\u00e9thodes sont simples et\u00a0d&rsquo;une productivit\u00e9 \u00e9tonnante. Bien pr\u00e9par\u00e9, les \u00e9v\u00e9nements\u00a0mobilisent les acteurs de quelques heures \u00e0 une journ\u00e9e. Vous serez surpris \u00e0 quel point\u00a0200 ou 300\u00a0personnes r\u00e9unies en un m\u00eame espace peuvent ensemble, en\u00a0tr\u00e8s peu de temps, exprimer les r\u00e9els besoins et d\u00e9fis de l&rsquo;organisation, convenir d&rsquo;une\u00a0vision\u00a0commune, proposer des axes de d\u00e9veloppement et des priorit\u00e9s!\u00a0Toutes nos manifestations\u00a0sont soutenues par des techniques de documentation\u00a0qui assurent une transmission des r\u00e9sultats rapide, l\u00e9g\u00e8res et cibl\u00e9es.<\/h5>\n<h5>Ainsi, <em><strong>T<\/strong><strong>ransition<\/strong><\/em> conseille les instances de gouvernance et le management pour \u00e9laborer la vision, d\u00e9terminer la strat\u00e9gie et pour mobiliser la fameuse \u201cmajorit\u00e9 silencieuse\u201d.<\/h5>\n<h5>Nous nous concentrons sur la conduite du processus. De ce fait, nos interventions peuvent se faire aussi bien dans le cadre d&rsquo;une PME, d&rsquo;une succursale d&rsquo;un grand groupe que d&rsquo;une commune, d&rsquo;un grand d\u00e9partement d&rsquo;une administration publique ou encore d&rsquo;une organisation caritative.<\/h5>\n","protected":false},"excerpt":{"rendered":"<p>Cr\u00e9ez l\u2019adh\u00e9sion! Sans la mobilisation et l\u2019engagement positif d\u2019au moins 20% de votre personnel, le changement n&rsquo;aura pas lieu ou sera trop lent. \u00ab\u00a0Voice and choice\u00a0\u00bb: pouvoir s&rsquo;exprimer et\u00a0participer \u00e0 certains choix! Cette simple clef du succ\u00e8s, Transition la traduit &hellip; <a href=\"https:\/\/transitionsa.ch\/?page_id=156\">Continuer la lecture <span class=\"meta-nav\">&rarr;<\/span><\/a><\/p>\n","protected":false},"author":1,"featured_media":0,"parent":0,"menu_order":3,"comment_status":"open","ping_status":"closed","template":"","meta":[],"_links":{"self":[{"href":"https:\/\/transitionsa.ch\/index.php?rest_route=\/wp\/v2\/pages\/156"}],"collection":[{"href":"https:\/\/transitionsa.ch\/index.php?rest_route=\/wp\/v2\/pages"}],"about":[{"href":"https:\/\/transitionsa.ch\/index.php?rest_route=\/wp\/v2\/types\/page"}],"author":[{"embeddable":true,"href":"https:\/\/transitionsa.ch\/index.php?rest_route=\/wp\/v2\/users\/1"}],"replies":[{"embeddable":true,"href":"https:\/\/transitionsa.ch\/index.php?rest_route=%2Fwp%2Fv2%2Fcomments&post=156"}],"version-history":[{"count":6,"href":"https:\/\/transitionsa.ch\/index.php?rest_route=\/wp\/v2\/pages\/156\/revisions"}],"predecessor-version":[{"id":680,"href":"https:\/\/transitionsa.ch\/index.php?rest_route=\/wp\/v2\/pages\/156\/revisions\/680"}],"wp:attachment":[{"href":"https:\/\/transitionsa.ch\/index.php?rest_route=%2Fwp%2Fv2%2Fmedia&parent=156"}],"curies":[{"name":"wp","href":"https:\/\/api.w.org\/{rel}","templated":true}]}}