{"id":157,"date":"2012-09-18T15:17:29","date_gmt":"2012-09-18T13:17:29","guid":{"rendered":"http:\/\/transitionsa.wordpress.com\/?page_id=124"},"modified":"2013-09-23T13:00:59","modified_gmt":"2013-09-23T11:00:59","slug":"atelier-du-futur","status":"publish","type":"page","link":"https:\/\/transitionsa.ch\/?page_id=157","title":{"rendered":"Conf\u00e9rence du futur"},"content":{"rendered":"<h3>Planifier l&rsquo;avenir commun (Future Search Conference)<\/h3>\n<h5>&lsquo;La conf\u00e9rence du&rsquo; futur&rsquo; est particuli\u00e8rement adapt\u00e9e \u00e0 des structures h\u00e9t\u00e9rog\u00e8nes (association fa\u00eeti\u00e8re, commune politique, r\u00e9gion, association professionnelle) qui souhaitent \u00e9laborer une vision commune de leur d\u00e9veloppement futur. Afin de cr\u00e9er une base de connaissance et de reconnaissance, tous les acteurs se retrouvent dans un seul grand lieu et travaillent ensemble pendant un \u00e0 deux jours par groupes de huit dont la composition change r\u00e9guli\u00e8rement.<\/h5>\n<h5>Le processus est divis\u00e9 en 5 phases et rythm\u00e9 par des pr\u00e9sentations et d\u00e9bat en pl\u00e9ni\u00e8re. Il suit les \u00e9tapes suivantes:<\/h5>\n<h5><a href=\"http:\/\/transitionsa.ch\/wp-content\/uploads\/2012\/09\/future-search.png\"><img loading=\"lazy\" class=\"alignnone size-full wp-image-646\" alt=\"future search\" src=\"http:\/\/transitionsa.ch\/wp-content\/uploads\/2012\/09\/future-search.png\" width=\"578\" height=\"62\" srcset=\"https:\/\/transitionsa.ch\/wp-content\/uploads\/2012\/09\/future-search.png 578w, https:\/\/transitionsa.ch\/wp-content\/uploads\/2012\/09\/future-search-300x32.png 300w\" sizes=\"(max-width: 578px) 100vw, 578px\" \/><\/a><\/h5>\n<h5>Les mod\u00e9rateurs du processus sont pr\u00e9sents en permanence, guident les participants d&rsquo;une \u00e9tape \u00e0 l&rsquo;autre et garantissent la concr\u00e9tisation des r\u00e9sultats sous forme de mesures concr\u00e8tes.<\/h5>\n<h5>Une conf\u00e9rence du futur peut r\u00e9unir entre 12 et plus de 500 personnes. Afin de garantir la mise en route concr\u00e8te des \u00e9volutions souhait\u00e9es, nous\u00a0ins\u00e9rons l&rsquo;organisation de la conf\u00e9rence du futur dans notre <a title=\"Processus de conduite d\u2019\u00e9volutions\" href=\"http:\/\/transitionsa.ch\/?p=503\">processus de conduite d&rsquo;\u00e9volutions<\/a>.<\/h5>\n","protected":false},"excerpt":{"rendered":"<p>Planifier l&rsquo;avenir commun (Future Search Conference) &lsquo;La conf\u00e9rence du&rsquo; futur&rsquo; est particuli\u00e8rement adapt\u00e9e \u00e0 des structures h\u00e9t\u00e9rog\u00e8nes (association fa\u00eeti\u00e8re, commune politique, r\u00e9gion, association professionnelle) qui souhaitent \u00e9laborer une vision commune de leur d\u00e9veloppement futur. Afin de cr\u00e9er une base de &hellip; <a href=\"https:\/\/transitionsa.ch\/?page_id=157\">Continuer la lecture <span class=\"meta-nav\">&rarr;<\/span><\/a><\/p>\n","protected":false},"author":1,"featured_media":0,"parent":156,"menu_order":3,"comment_status":"open","ping_status":"closed","template":"","meta":[],"_links":{"self":[{"href":"https:\/\/transitionsa.ch\/index.php?rest_route=\/wp\/v2\/pages\/157"}],"collection":[{"href":"https:\/\/transitionsa.ch\/index.php?rest_route=\/wp\/v2\/pages"}],"about":[{"href":"https:\/\/transitionsa.ch\/index.php?rest_route=\/wp\/v2\/types\/page"}],"author":[{"embeddable":true,"href":"https:\/\/transitionsa.ch\/index.php?rest_route=\/wp\/v2\/users\/1"}],"replies":[{"embeddable":true,"href":"https:\/\/transitionsa.ch\/index.php?rest_route=%2Fwp%2Fv2%2Fcomments&post=157"}],"version-history":[{"count":4,"href":"https:\/\/transitionsa.ch\/index.php?rest_route=\/wp\/v2\/pages\/157\/revisions"}],"predecessor-version":[{"id":649,"href":"https:\/\/transitionsa.ch\/index.php?rest_route=\/wp\/v2\/pages\/157\/revisions\/649"}],"up":[{"embeddable":true,"href":"https:\/\/transitionsa.ch\/index.php?rest_route=\/wp\/v2\/pages\/156"}],"wp:attachment":[{"href":"https:\/\/transitionsa.ch\/index.php?rest_route=%2Fwp%2Fv2%2Fmedia&parent=157"}],"curies":[{"name":"wp","href":"https:\/\/api.w.org\/{rel}","templated":true}]}}