{"id":160,"date":"2012-05-30T15:29:08","date_gmt":"2012-05-30T13:29:08","guid":{"rendered":"http:\/\/transitionsa.wordpress.com\/?page_id=142"},"modified":"2014-05-27T16:52:06","modified_gmt":"2014-05-27T14:52:06","slug":"comment-nous-travaillons","status":"publish","type":"page","link":"https:\/\/transitionsa.ch\/?page_id=160","title":{"rendered":"Pourquoi nous travaillons"},"content":{"rendered":"<h3>Notre cr\u00e9do<\/h3>\n<p><a href=\"http:\/\/transitionsa.ch\/wp-content\/uploads\/2012\/05\/cropped-2.jpg\"><img loading=\"lazy\" class=\"alignnone size-full wp-image-123\" alt=\"cropped-2.jpg\" src=\"http:\/\/transitionsa.ch\/wp-content\/uploads\/2012\/05\/cropped-2.jpg\" width=\"940\" height=\"198\" srcset=\"https:\/\/transitionsa.ch\/wp-content\/uploads\/2012\/05\/cropped-2.jpg 940w, https:\/\/transitionsa.ch\/wp-content\/uploads\/2012\/05\/cropped-2-300x63.jpg 300w\" sizes=\"(max-width: 940px) 100vw, 940px\" \/><\/a><\/p>\n<h5>Nous croyons que les <strong>moments de transition\u00a0<\/strong>sont des chances pour l&rsquo;organisation.\u00a0Si nous remontons \u00e0 la source du mot crise ( du grec &lsquo;krisis&rsquo;: jugement, d\u00e9cision), nous pouvons\u00a0comprendre la crise comme le\u00a0<strong>temps de la d\u00e9cision<\/strong>, le moment-clef, <strong>l&rsquo;opportunit\u00e9 d&rsquo;agir<\/strong>. Nous croyons\u00a0que ces moments m\u00e9ritent attention et investissement.<\/h5>\n<h5>Contrairement \u00e0 l&rsquo;id\u00e9e re\u00e7ue selon laquelle la r\u00e9sistance\u00a0est in\u00e9vitable et tue le changement dans l&rsquo;oeuf, nous croyons que <strong>\u00e9voluer <\/strong>peut faire <strong>plaisir<\/strong>. Nous croyons que la participation\u00a0cibl\u00e9e et structur\u00e9e\u00a0peut se muer en &lsquo;participassion&rsquo;, en un engagement fort pour l&rsquo;objectif de l&rsquo;entreprise.<\/h5>\n<h5>La participation structur\u00e9e n&rsquo;est pas la prise de pouvoir par le bas.\u00a0Il s&rsquo;agit d&rsquo;une d\u00e9marche\u00a0raisonn\u00e9e qui permet aux dirigeants de prendre leurs d\u00e9cisions avec un maximum d&rsquo;informations sur la situation r\u00e9elle des besoins des clients et de l&rsquo;\u00e9tat de l&rsquo;organisation. D&rsquo;autre part, elle donne\u00a0aux acteurs comp\u00e9tents l&rsquo;occasion de s&rsquo;identifier \u00e0 la vision et aux objectifs de la direction.<\/h5>\n<h5>Ainsi, la direction\u00a0peut se concentrer sur ce qu&rsquo;elle fait le mieux: diriger par le sens.<\/h5>\n<h3>Notre engagement<\/h3>\n<h5>Nous visons la plus haute qualit\u00e9 des services et faisons de notre mieux pour satisfaire le client, notamment en mati\u00e8re de respect des d\u00e9lais et de transparence des co\u00fbts.<\/h5>\n<h5><strong>Nous travaillons par passion et plaisir. Pour nous,\u00a0pour vous et pour l&rsquo;objectif commun.<\/strong><\/h5>\n<h5><\/h5>\n","protected":false},"excerpt":{"rendered":"<p>Notre cr\u00e9do Nous croyons que les moments de transition\u00a0sont des chances pour l&rsquo;organisation.\u00a0Si nous remontons \u00e0 la source du mot crise ( du grec &lsquo;krisis&rsquo;: jugement, d\u00e9cision), nous pouvons\u00a0comprendre la crise comme le\u00a0temps de la d\u00e9cision, le moment-clef, l&rsquo;opportunit\u00e9 d&rsquo;agir. &hellip; <a href=\"https:\/\/transitionsa.ch\/?page_id=160\">Continuer la lecture <span class=\"meta-nav\">&rarr;<\/span><\/a><\/p>\n","protected":false},"author":1,"featured_media":0,"parent":0,"menu_order":5,"comment_status":"open","ping_status":"closed","template":"","meta":[],"_links":{"self":[{"href":"https:\/\/transitionsa.ch\/index.php?rest_route=\/wp\/v2\/pages\/160"}],"collection":[{"href":"https:\/\/transitionsa.ch\/index.php?rest_route=\/wp\/v2\/pages"}],"about":[{"href":"https:\/\/transitionsa.ch\/index.php?rest_route=\/wp\/v2\/types\/page"}],"author":[{"embeddable":true,"href":"https:\/\/transitionsa.ch\/index.php?rest_route=\/wp\/v2\/users\/1"}],"replies":[{"embeddable":true,"href":"https:\/\/transitionsa.ch\/index.php?rest_route=%2Fwp%2Fv2%2Fcomments&post=160"}],"version-history":[{"count":8,"href":"https:\/\/transitionsa.ch\/index.php?rest_route=\/wp\/v2\/pages\/160\/revisions"}],"predecessor-version":[{"id":689,"href":"https:\/\/transitionsa.ch\/index.php?rest_route=\/wp\/v2\/pages\/160\/revisions\/689"}],"wp:attachment":[{"href":"https:\/\/transitionsa.ch\/index.php?rest_route=%2Fwp%2Fv2%2Fmedia&parent=160"}],"curies":[{"name":"wp","href":"https:\/\/api.w.org\/{rel}","templated":true}]}}