{"id":169,"date":"2012-06-04T18:32:00","date_gmt":"2012-06-04T16:32:00","guid":{"rendered":"http:\/\/transitionsa.wordpress.com\/?page_id=169"},"modified":"2014-05-27T16:46:46","modified_gmt":"2014-05-27T14:46:46","slug":"cafe-de-commerce-grandeur-entreprise","status":"publish","type":"page","link":"https:\/\/transitionsa.ch\/?page_id=169","title":{"rendered":"Forum Entreprise: la pause caf\u00e9 productive"},"content":{"rendered":"<h5>La m\u00e9thode du Forum Entreprise est inspir\u00e9e des travaux de Juanita Brown qui a d\u00e9velopp\u00e9 le World Caf\u00e9 \u00e0 la fin des ann\u00e9es 90.<\/h5>\n<h5>Elle se base sur le fait que les \u00e9changes des pauses caf\u00e9 sont\u00a0une mise en r\u00e9seau\u00a0efficace et rapide &#8211; ce qu&rsquo;elle traduit au niveau de toute l&rsquo;organisation. Les questions pos\u00e9es (maximum trois), sont formul\u00e9es de fa\u00e7on simple et ouverte.<\/h5>\n<h5>Les participants se retrouvent par groupes de 6 personnes autour de\u00a0petites tables de bistrot.\u00a0Celles-ci sont couvertes de papier, des crayons de couleur\u00a0permettent de fixer les id\u00e9es directement sur la nappe.<\/h5>\n<h5>Un h\u00f4te anime la discussion \u00e0 &lsquo;sa&rsquo; table pendant tout le forum, compos\u00e9 de trois tours de maximum 30 minutes.\u00a0Les participants, eux, changent \u00e0 chaque tour et les groupes de six se recomposent. En fin de forum, l&rsquo;h\u00f4te rassemblent les r\u00e9ponses aux questions pos\u00e9es\u00a0sur la nappe et les pr\u00e9sentent en galerie o\u00f9 elles sont comment\u00e9es et prioris\u00e9es.<\/h5>\n<p><a href=\"http:\/\/transitionsa.ch\/wp-content\/uploads\/2012\/06\/forum-entreprise.png\"><img loading=\"lazy\" class=\"alignnone size-full wp-image-637\" alt=\"forum entreprise\" src=\"http:\/\/transitionsa.ch\/wp-content\/uploads\/2012\/06\/forum-entreprise.png\" width=\"579\" height=\"64\" srcset=\"https:\/\/transitionsa.ch\/wp-content\/uploads\/2012\/06\/forum-entreprise.png 579w, https:\/\/transitionsa.ch\/wp-content\/uploads\/2012\/06\/forum-entreprise-300x33.png 300w\" sizes=\"(max-width: 579px) 100vw, 579px\" \/><\/a><\/p>\n<h5 style=\"text-align: left;\">\u00a0Le Forum Entreprise est particuli\u00e8rement efficace sur une courte dur\u00e9e (demie-journ\u00e9e). Il permet de r\u00e9unir jusqu&rsquo;\u00e0 120 personnes. Pour assurer le d\u00e9marrage concret des \u00e9volutions souhait\u00e9es, nous l&rsquo; ins\u00e9rons\u00a0dans notre <a title=\"Processus de conduite d\u2019\u00e9volutions\" href=\"http:\/\/transitionsa.ch\/?p=503\" target=\"_blank\">processus de conduite d&rsquo;\u00e9volutions<\/a>.<\/h5>\n<p>&nbsp;<\/p>\n","protected":false},"excerpt":{"rendered":"<p>La m\u00e9thode du Forum Entreprise est inspir\u00e9e des travaux de Juanita Brown qui a d\u00e9velopp\u00e9 le World Caf\u00e9 \u00e0 la fin des ann\u00e9es 90. Elle se base sur le fait que les \u00e9changes des pauses caf\u00e9 sont\u00a0une mise en r\u00e9seau\u00a0efficace &hellip; <a href=\"https:\/\/transitionsa.ch\/?page_id=169\">Continuer la lecture <span class=\"meta-nav\">&rarr;<\/span><\/a><\/p>\n","protected":false},"author":1,"featured_media":0,"parent":156,"menu_order":1,"comment_status":"open","ping_status":"open","template":"","meta":[],"_links":{"self":[{"href":"https:\/\/transitionsa.ch\/index.php?rest_route=\/wp\/v2\/pages\/169"}],"collection":[{"href":"https:\/\/transitionsa.ch\/index.php?rest_route=\/wp\/v2\/pages"}],"about":[{"href":"https:\/\/transitionsa.ch\/index.php?rest_route=\/wp\/v2\/types\/page"}],"author":[{"embeddable":true,"href":"https:\/\/transitionsa.ch\/index.php?rest_route=\/wp\/v2\/users\/1"}],"replies":[{"embeddable":true,"href":"https:\/\/transitionsa.ch\/index.php?rest_route=%2Fwp%2Fv2%2Fcomments&post=169"}],"version-history":[{"count":17,"href":"https:\/\/transitionsa.ch\/index.php?rest_route=\/wp\/v2\/pages\/169\/revisions"}],"predecessor-version":[{"id":686,"href":"https:\/\/transitionsa.ch\/index.php?rest_route=\/wp\/v2\/pages\/169\/revisions\/686"}],"up":[{"embeddable":true,"href":"https:\/\/transitionsa.ch\/index.php?rest_route=\/wp\/v2\/pages\/156"}],"wp:attachment":[{"href":"https:\/\/transitionsa.ch\/index.php?rest_route=%2Fwp%2Fv2%2Fmedia&parent=169"}],"curies":[{"name":"wp","href":"https:\/\/api.w.org\/{rel}","templated":true}]}}