{"id":392,"date":"2012-09-26T10:58:54","date_gmt":"2012-09-26T08:58:54","guid":{"rendered":"http:\/\/transitionsa.wordpress.com\/?page_id=392"},"modified":"2012-09-26T10:58:54","modified_gmt":"2012-09-26T08:58:54","slug":"interim-classique-labsence-dun-cadre","status":"publish","type":"page","link":"https:\/\/transitionsa.ch\/?page_id=392","title":{"rendered":"Int\u00e9rim classique: l&rsquo;absence d&rsquo;un cadre"},"content":{"rendered":"<h5>Souvent, ces situations (accident, maladie, cong\u00e9 maternit\u00e9, cong\u00e9 sabbatique) sont &lsquo;pont\u00e9es&rsquo; par des mesures organisationnelles internes, par des mises en places de suppl\u00e9ances, promotions temporaires, reports de t\u00e2ches. Ces pontages peuvent \u00eatre tr\u00e8s probl\u00e9matiques: surcharge des cadres, retard de production, manque de suivi des prestations, etc.<\/h5>\n<h5>Le management int\u00e9rimaire non seulement pallie \u00e0 ces d\u00e9savantages, mais repr\u00e9sente une v\u00e9ritable valeur ajout\u00e9e en termes d&rsquo;apport de nouvelles connaissances, d&rsquo;analyse des processus, de formulation de recommandations, d&rsquo;\u00e9laboration de plan de d\u00e9veloppement etc.<\/h5>\n<h5>\u00a0<\/h5>\n","protected":false},"excerpt":{"rendered":"<p>Souvent, ces situations (accident, maladie, cong\u00e9 maternit\u00e9, cong\u00e9 sabbatique) sont &lsquo;pont\u00e9es&rsquo; par des mesures organisationnelles internes, par des mises en places de suppl\u00e9ances, promotions temporaires, reports de t\u00e2ches. Ces pontages peuvent \u00eatre tr\u00e8s probl\u00e9matiques: surcharge des cadres, retard de production, &hellip; <a href=\"https:\/\/transitionsa.ch\/?page_id=392\">Continuer la lecture <span class=\"meta-nav\">&rarr;<\/span><\/a><\/p>\n","protected":false},"author":1,"featured_media":0,"parent":16,"menu_order":1,"comment_status":"open","ping_status":"closed","template":"","meta":[],"_links":{"self":[{"href":"https:\/\/transitionsa.ch\/index.php?rest_route=\/wp\/v2\/pages\/392"}],"collection":[{"href":"https:\/\/transitionsa.ch\/index.php?rest_route=\/wp\/v2\/pages"}],"about":[{"href":"https:\/\/transitionsa.ch\/index.php?rest_route=\/wp\/v2\/types\/page"}],"author":[{"embeddable":true,"href":"https:\/\/transitionsa.ch\/index.php?rest_route=\/wp\/v2\/users\/1"}],"replies":[{"embeddable":true,"href":"https:\/\/transitionsa.ch\/index.php?rest_route=%2Fwp%2Fv2%2Fcomments&post=392"}],"version-history":[{"count":0,"href":"https:\/\/transitionsa.ch\/index.php?rest_route=\/wp\/v2\/pages\/392\/revisions"}],"up":[{"embeddable":true,"href":"https:\/\/transitionsa.ch\/index.php?rest_route=\/wp\/v2\/pages\/16"}],"wp:attachment":[{"href":"https:\/\/transitionsa.ch\/index.php?rest_route=%2Fwp%2Fv2%2Fmedia&parent=392"}],"curies":[{"name":"wp","href":"https:\/\/api.w.org\/{rel}","templated":true}]}}