{"id":551,"date":"2012-12-13T19:55:05","date_gmt":"2012-12-13T17:55:05","guid":{"rendered":"http:\/\/transitionsa.wordpress.com\/?page_id=551"},"modified":"2014-05-27T16:50:18","modified_gmt":"2014-05-27T14:50:18","slug":"rejoindre-le-reseau-transitionsa","status":"publish","type":"page","link":"https:\/\/transitionsa.ch\/?page_id=551","title":{"rendered":"Rejoindre le r\u00e9seau transitionSA"},"content":{"rendered":"<h5><a href=\"http:\/\/transitionsa.ch\/wp-content\/uploads\/2012\/05\/cropped-5.jpg\"><img loading=\"lazy\" class=\"alignnone size-full wp-image-132\" alt=\"cropped-5.jpg\" src=\"http:\/\/transitionsa.ch\/wp-content\/uploads\/2012\/05\/cropped-5.jpg\" width=\"940\" height=\"198\" srcset=\"https:\/\/transitionsa.ch\/wp-content\/uploads\/2012\/05\/cropped-5.jpg 940w, https:\/\/transitionsa.ch\/wp-content\/uploads\/2012\/05\/cropped-5-e1379924258882-150x31.jpg 150w, https:\/\/transitionsa.ch\/wp-content\/uploads\/2012\/05\/cropped-5-300x63.jpg 300w\" sizes=\"(max-width: 940px) 100vw, 940px\" \/><\/a><\/h5>\n<h5>Nous cherchons r\u00e9guli\u00e8rement des professionnelles et professionnels chevronn\u00e9s pour des missions int\u00e9rimaires\u00a0de conduite de projet, de management de transition et de gestion de crise.<\/h5>\n<h5>Contactez-nous si vous \u00eates interess\u00e9 \u00e0 rejoindre le <a title=\"Le r\u00e9seau de management de\u00a0transitionSA\" href=\"http:\/\/transitionsa.wordpress.com\/2012\/12\/10\/le-reseau-de-management-de-transition\/\">r\u00e9seau de <\/a><strong><em><a title=\"Le r\u00e9seau de management de\u00a0transitionSA\" href=\"http:\/\/transitionsa.wordpress.com\/2012\/12\/10\/le-reseau-de-management-de-transition\/\">transitionSA<\/a>\u00a0<\/em>!<\/strong><\/h5>\n","protected":false},"excerpt":{"rendered":"<p>Nous cherchons r\u00e9guli\u00e8rement des professionnelles et professionnels chevronn\u00e9s pour des missions int\u00e9rimaires\u00a0de conduite de projet, de management de transition et de gestion de crise. Contactez-nous si vous \u00eates interess\u00e9 \u00e0 rejoindre le r\u00e9seau de transitionSA\u00a0!<\/p>\n","protected":false},"author":1,"featured_media":0,"parent":0,"menu_order":6,"comment_status":"open","ping_status":"open","template":"","meta":[],"_links":{"self":[{"href":"https:\/\/transitionsa.ch\/index.php?rest_route=\/wp\/v2\/pages\/551"}],"collection":[{"href":"https:\/\/transitionsa.ch\/index.php?rest_route=\/wp\/v2\/pages"}],"about":[{"href":"https:\/\/transitionsa.ch\/index.php?rest_route=\/wp\/v2\/types\/page"}],"author":[{"embeddable":true,"href":"https:\/\/transitionsa.ch\/index.php?rest_route=\/wp\/v2\/users\/1"}],"replies":[{"embeddable":true,"href":"https:\/\/transitionsa.ch\/index.php?rest_route=%2Fwp%2Fv2%2Fcomments&post=551"}],"version-history":[{"count":1,"href":"https:\/\/transitionsa.ch\/index.php?rest_route=\/wp\/v2\/pages\/551\/revisions"}],"predecessor-version":[{"id":687,"href":"https:\/\/transitionsa.ch\/index.php?rest_route=\/wp\/v2\/pages\/551\/revisions\/687"}],"wp:attachment":[{"href":"https:\/\/transitionsa.ch\/index.php?rest_route=%2Fwp%2Fv2%2Fmedia&parent=551"}],"curies":[{"name":"wp","href":"https:\/\/api.w.org\/{rel}","templated":true}]}}